{"id":20,"date":"2025-04-02T15:16:54","date_gmt":"2025-04-02T18:16:54","guid":{"rendered":"https:\/\/rioenergy.com.br\/?page_id=20"},"modified":"2026-04-16T10:11:27","modified_gmt":"2026-04-16T13:11:27","slug":"etica-e-compliance","status":"publish","type":"page","link":"https:\/\/rioenergy.com.br\/en\/etica-e-compliance\/","title":{"rendered":"Ethics and compliance"},"content":{"rendered":"","protected":false},"excerpt":{"rendered":"","protected":false},"author":1,"featured_media":0,"parent":0,"menu_order":0,"comment_status":"closed","ping_status":"closed","template":"","meta":{"_acf_changed":false,"footnotes":""},"class_list":["post-20","page","type-page","status-publish","hentry"],"acf":[],"yoast_head":"<!-- This site is optimized with the Yoast SEO plugin v27.6 - https:\/\/yoast.com\/product\/yoast-seo-wordpress\/ -->\n<title>\u00c9tica e Compliance | Rio Energy - Integridade e Valores<\/title>\n<meta name=\"description\" content=\"Conhe\u00e7a o compromisso da Rio Energy com a \u00e9tica, integridade e conformidade. Acreditamos em um futuro sustent\u00e1vel guiado por valores s\u00f3lidos.\" \/>\n<meta name=\"robots\" content=\"index, follow, max-snippet:-1, max-image-preview:large, max-video-preview:-1\" \/>\n<link rel=\"canonical\" href=\"https:\/\/rioenergy.com.br\/en\/etica-e-compliance\/\" \/>\n<meta property=\"og:locale\" content=\"en_US\" \/>\n<meta property=\"og:type\" content=\"article\" \/>\n<meta property=\"og:title\" content=\"\u00c9tica e Compliance | Rio Energy - Integridade e Valores\" \/>\n<meta property=\"og:description\" content=\"Conhe\u00e7a o compromisso da Rio Energy com a \u00e9tica, integridade e conformidade. Acreditamos em um futuro sustent\u00e1vel guiado por valores s\u00f3lidos.\" \/>\n<meta property=\"og:url\" content=\"https:\/\/rioenergy.com.br\/en\/etica-e-compliance\/\" \/>\n<meta property=\"og:site_name\" content=\"Rio Energy\" \/>\n<meta property=\"article:modified_time\" content=\"2026-04-16T13:11:27+00:00\" \/>\n<meta name=\"twitter:card\" content=\"summary_large_image\" \/>\n<script type=\"application\/ld+json\" class=\"yoast-schema-graph\">{\"@context\":\"https:\\\/\\\/schema.org\",\"@graph\":[{\"@type\":\"WebPage\",\"@id\":\"https:\\\/\\\/rioenergy.com.br\\\/etica-e-compliance\\\/\",\"url\":\"https:\\\/\\\/rioenergy.com.br\\\/etica-e-compliance\\\/\",\"name\":\"\u00c9tica e Compliance | Rio Energy - Integridade e Valores\",\"isPartOf\":{\"@id\":\"https:\\\/\\\/rioenergy.com.br\\\/#website\"},\"datePublished\":\"2025-04-02T18:16:54+00:00\",\"dateModified\":\"2026-04-16T13:11:27+00:00\",\"description\":\"Conhe\u00e7a o compromisso da Rio Energy com a \u00e9tica, integridade e conformidade. Acreditamos em um futuro sustent\u00e1vel guiado por valores s\u00f3lidos.\",\"breadcrumb\":{\"@id\":\"https:\\\/\\\/rioenergy.com.br\\\/etica-e-compliance\\\/#breadcrumb\"},\"inLanguage\":\"en-US\",\"potentialAction\":[{\"@type\":\"ReadAction\",\"target\":[\"https:\\\/\\\/rioenergy.com.br\\\/etica-e-compliance\\\/\"]}]},{\"@type\":\"BreadcrumbList\",\"@id\":\"https:\\\/\\\/rioenergy.com.br\\\/etica-e-compliance\\\/#breadcrumb\",\"itemListElement\":[{\"@type\":\"ListItem\",\"position\":1,\"name\":\"In\u00edcio\",\"item\":\"https:\\\/\\\/rioenergy.com.br\\\/\"},{\"@type\":\"ListItem\",\"position\":2,\"name\":\"\u00c9tica e compliance\"}]},{\"@type\":\"WebSite\",\"@id\":\"https:\\\/\\\/rioenergy.com.br\\\/#website\",\"url\":\"https:\\\/\\\/rioenergy.com.br\\\/\",\"name\":\"Rio Energy\",\"description\":\"Especialistas em energias renov\u00e1veis: solar, e\u00f3lica e h\u00edbrida.\",\"potentialAction\":[{\"@type\":\"SearchAction\",\"target\":{\"@type\":\"EntryPoint\",\"urlTemplate\":\"https:\\\/\\\/rioenergy.com.br\\\/?s={search_term_string}\"},\"query-input\":{\"@type\":\"PropertyValueSpecification\",\"valueRequired\":true,\"valueName\":\"search_term_string\"}}],\"inLanguage\":\"en-US\"}]}<\/script>\n<!-- \/ Yoast SEO plugin. -->","yoast_head_json":{"title":"\u00c9tica e Compliance | Rio Energy - Integridade e Valores","description":"Conhe\u00e7a o compromisso da Rio Energy com a \u00e9tica, integridade e conformidade. Acreditamos em um futuro sustent\u00e1vel guiado por valores s\u00f3lidos.","robots":{"index":"index","follow":"follow","max-snippet":"max-snippet:-1","max-image-preview":"max-image-preview:large","max-video-preview":"max-video-preview:-1"},"canonical":"https:\/\/rioenergy.com.br\/en\/etica-e-compliance\/","og_locale":"en_US","og_type":"article","og_title":"\u00c9tica e Compliance | Rio Energy - Integridade e Valores","og_description":"Conhe\u00e7a o compromisso da Rio Energy com a \u00e9tica, integridade e conformidade. Acreditamos em um futuro sustent\u00e1vel guiado por valores s\u00f3lidos.","og_url":"https:\/\/rioenergy.com.br\/en\/etica-e-compliance\/","og_site_name":"Rio Energy","article_modified_time":"2026-04-16T13:11:27+00:00","twitter_card":"summary_large_image","schema":{"@context":"https:\/\/schema.org","@graph":[{"@type":"WebPage","@id":"https:\/\/rioenergy.com.br\/etica-e-compliance\/","url":"https:\/\/rioenergy.com.br\/etica-e-compliance\/","name":"\u00c9tica e Compliance | Rio Energy - Integridade e Valores","isPartOf":{"@id":"https:\/\/rioenergy.com.br\/#website"},"datePublished":"2025-04-02T18:16:54+00:00","dateModified":"2026-04-16T13:11:27+00:00","description":"Conhe\u00e7a o compromisso da Rio Energy com a \u00e9tica, integridade e conformidade. Acreditamos em um futuro sustent\u00e1vel guiado por valores s\u00f3lidos.","breadcrumb":{"@id":"https:\/\/rioenergy.com.br\/etica-e-compliance\/#breadcrumb"},"inLanguage":"en-US","potentialAction":[{"@type":"ReadAction","target":["https:\/\/rioenergy.com.br\/etica-e-compliance\/"]}]},{"@type":"BreadcrumbList","@id":"https:\/\/rioenergy.com.br\/etica-e-compliance\/#breadcrumb","itemListElement":[{"@type":"ListItem","position":1,"name":"In\u00edcio","item":"https:\/\/rioenergy.com.br\/"},{"@type":"ListItem","position":2,"name":"\u00c9tica e compliance"}]},{"@type":"WebSite","@id":"https:\/\/rioenergy.com.br\/#website","url":"https:\/\/rioenergy.com.br\/","name":"Rio Energy","description":"Especialistas em energias renov\u00e1veis: solar, e\u00f3lica e h\u00edbrida.","potentialAction":[{"@type":"SearchAction","target":{"@type":"EntryPoint","urlTemplate":"https:\/\/rioenergy.com.br\/?s={search_term_string}"},"query-input":{"@type":"PropertyValueSpecification","valueRequired":true,"valueName":"search_term_string"}}],"inLanguage":"en-US"}]}},"_links":{"self":[{"href":"https:\/\/rioenergy.com.br\/en\/wp-json\/wp\/v2\/pages\/20","targetHints":{"allow":["GET"]}}],"collection":[{"href":"https:\/\/rioenergy.com.br\/en\/wp-json\/wp\/v2\/pages"}],"about":[{"href":"https:\/\/rioenergy.com.br\/en\/wp-json\/wp\/v2\/types\/page"}],"author":[{"embeddable":true,"href":"https:\/\/rioenergy.com.br\/en\/wp-json\/wp\/v2\/users\/1"}],"replies":[{"embeddable":true,"href":"https:\/\/rioenergy.com.br\/en\/wp-json\/wp\/v2\/comments?post=20"}],"version-history":[{"count":8,"href":"https:\/\/rioenergy.com.br\/en\/wp-json\/wp\/v2\/pages\/20\/revisions"}],"predecessor-version":[{"id":494,"href":"https:\/\/rioenergy.com.br\/en\/wp-json\/wp\/v2\/pages\/20\/revisions\/494"}],"wp:attachment":[{"href":"https:\/\/rioenergy.com.br\/en\/wp-json\/wp\/v2\/media?parent=20"}],"curies":[{"name":"wp","href":"https:\/\/api.w.org\/{rel}","templated":true}]}}