{"id":27,"date":"2025-04-08T09:04:27","date_gmt":"2025-04-08T12:04:27","guid":{"rendered":"https:\/\/rioenergy.com.br\/?page_id=27"},"modified":"2026-03-27T15:40:19","modified_gmt":"2026-03-27T18:40:19","slug":"informacoes-financeiras","status":"publish","type":"page","link":"https:\/\/rioenergy.com.br\/en\/informacoes-financeiras\/","title":{"rendered":"Financial information"},"content":{"rendered":"","protected":false},"excerpt":{"rendered":"","protected":false},"author":1,"featured_media":0,"parent":0,"menu_order":0,"comment_status":"closed","ping_status":"closed","template":"","meta":{"_acf_changed":false,"footnotes":""},"class_list":["post-27","page","type-page","status-publish","hentry"],"acf":[],"yoast_head":"<!-- This site is optimized with the Yoast SEO plugin v27.3 - https:\/\/yoast.com\/product\/yoast-seo-wordpress\/ -->\n<title>Informa\u00e7\u00f5es Financeiras | Rio Energy - Invista no Futuro<\/title>\n<meta name=\"description\" content=\"Investir na Rio Energy \u00e9 apostar em um futuro sustent\u00e1vel. Acesse nossos dados financeiros, resultados e compromissos com a transpar\u00eancia.\" \/>\n<meta name=\"robots\" content=\"index, follow, max-snippet:-1, max-image-preview:large, max-video-preview:-1\" \/>\n<link rel=\"canonical\" href=\"https:\/\/rioenergy.com.br\/en\/informacoes-financeiras\/\" \/>\n<meta property=\"og:locale\" content=\"en_US\" \/>\n<meta property=\"og:type\" content=\"article\" \/>\n<meta property=\"og:title\" content=\"Informa\u00e7\u00f5es Financeiras | Rio Energy - Invista no Futuro\" \/>\n<meta property=\"og:description\" content=\"Investir na Rio Energy \u00e9 apostar em um futuro sustent\u00e1vel. Acesse nossos dados financeiros, resultados e compromissos com a transpar\u00eancia.\" \/>\n<meta property=\"og:url\" content=\"https:\/\/rioenergy.com.br\/en\/informacoes-financeiras\/\" \/>\n<meta property=\"og:site_name\" content=\"Rio Energy\" \/>\n<meta property=\"article:modified_time\" content=\"2026-03-27T18:40:19+00:00\" \/>\n<meta name=\"twitter:card\" content=\"summary_large_image\" \/>\n<script type=\"application\/ld+json\" class=\"yoast-schema-graph\">{\"@context\":\"https:\\\/\\\/schema.org\",\"@graph\":[{\"@type\":\"WebPage\",\"@id\":\"https:\\\/\\\/rioenergy.com.br\\\/informacoes-financeiras\\\/\",\"url\":\"https:\\\/\\\/rioenergy.com.br\\\/informacoes-financeiras\\\/\",\"name\":\"Informa\u00e7\u00f5es Financeiras | Rio Energy - Invista no Futuro\",\"isPartOf\":{\"@id\":\"https:\\\/\\\/rioenergy.com.br\\\/#website\"},\"datePublished\":\"2025-04-08T12:04:27+00:00\",\"dateModified\":\"2026-03-27T18:40:19+00:00\",\"description\":\"Investir na Rio Energy \u00e9 apostar em um futuro sustent\u00e1vel. Acesse nossos dados financeiros, resultados e compromissos com a transpar\u00eancia.\",\"breadcrumb\":{\"@id\":\"https:\\\/\\\/rioenergy.com.br\\\/informacoes-financeiras\\\/#breadcrumb\"},\"inLanguage\":\"en-US\",\"potentialAction\":[{\"@type\":\"ReadAction\",\"target\":[\"https:\\\/\\\/rioenergy.com.br\\\/informacoes-financeiras\\\/\"]}]},{\"@type\":\"BreadcrumbList\",\"@id\":\"https:\\\/\\\/rioenergy.com.br\\\/informacoes-financeiras\\\/#breadcrumb\",\"itemListElement\":[{\"@type\":\"ListItem\",\"position\":1,\"name\":\"In\u00edcio\",\"item\":\"https:\\\/\\\/rioenergy.com.br\\\/\"},{\"@type\":\"ListItem\",\"position\":2,\"name\":\"Informa\u00e7\u00f5es financeiras\"}]},{\"@type\":\"WebSite\",\"@id\":\"https:\\\/\\\/rioenergy.com.br\\\/#website\",\"url\":\"https:\\\/\\\/rioenergy.com.br\\\/\",\"name\":\"Rio Energy\",\"description\":\"Especialistas em energias renov\u00e1veis: solar, e\u00f3lica e h\u00edbrida.\",\"potentialAction\":[{\"@type\":\"SearchAction\",\"target\":{\"@type\":\"EntryPoint\",\"urlTemplate\":\"https:\\\/\\\/rioenergy.com.br\\\/?s={search_term_string}\"},\"query-input\":{\"@type\":\"PropertyValueSpecification\",\"valueRequired\":true,\"valueName\":\"search_term_string\"}}],\"inLanguage\":\"en-US\"}]}<\/script>\n<!-- \/ Yoast SEO plugin. -->","yoast_head_json":{"title":"Informa\u00e7\u00f5es Financeiras | Rio Energy - Invista no Futuro","description":"Investir na Rio Energy \u00e9 apostar em um futuro sustent\u00e1vel. Acesse nossos dados financeiros, resultados e compromissos com a transpar\u00eancia.","robots":{"index":"index","follow":"follow","max-snippet":"max-snippet:-1","max-image-preview":"max-image-preview:large","max-video-preview":"max-video-preview:-1"},"canonical":"https:\/\/rioenergy.com.br\/en\/informacoes-financeiras\/","og_locale":"en_US","og_type":"article","og_title":"Informa\u00e7\u00f5es Financeiras | Rio Energy - Invista no Futuro","og_description":"Investir na Rio Energy \u00e9 apostar em um futuro sustent\u00e1vel. Acesse nossos dados financeiros, resultados e compromissos com a transpar\u00eancia.","og_url":"https:\/\/rioenergy.com.br\/en\/informacoes-financeiras\/","og_site_name":"Rio Energy","article_modified_time":"2026-03-27T18:40:19+00:00","twitter_card":"summary_large_image","schema":{"@context":"https:\/\/schema.org","@graph":[{"@type":"WebPage","@id":"https:\/\/rioenergy.com.br\/informacoes-financeiras\/","url":"https:\/\/rioenergy.com.br\/informacoes-financeiras\/","name":"Informa\u00e7\u00f5es Financeiras | Rio Energy - Invista no Futuro","isPartOf":{"@id":"https:\/\/rioenergy.com.br\/#website"},"datePublished":"2025-04-08T12:04:27+00:00","dateModified":"2026-03-27T18:40:19+00:00","description":"Investir na Rio Energy \u00e9 apostar em um futuro sustent\u00e1vel. Acesse nossos dados financeiros, resultados e compromissos com a transpar\u00eancia.","breadcrumb":{"@id":"https:\/\/rioenergy.com.br\/informacoes-financeiras\/#breadcrumb"},"inLanguage":"en-US","potentialAction":[{"@type":"ReadAction","target":["https:\/\/rioenergy.com.br\/informacoes-financeiras\/"]}]},{"@type":"BreadcrumbList","@id":"https:\/\/rioenergy.com.br\/informacoes-financeiras\/#breadcrumb","itemListElement":[{"@type":"ListItem","position":1,"name":"In\u00edcio","item":"https:\/\/rioenergy.com.br\/"},{"@type":"ListItem","position":2,"name":"Informa\u00e7\u00f5es financeiras"}]},{"@type":"WebSite","@id":"https:\/\/rioenergy.com.br\/#website","url":"https:\/\/rioenergy.com.br\/","name":"Rio Energy","description":"Especialistas em energias renov\u00e1veis: solar, e\u00f3lica e h\u00edbrida.","potentialAction":[{"@type":"SearchAction","target":{"@type":"EntryPoint","urlTemplate":"https:\/\/rioenergy.com.br\/?s={search_term_string}"},"query-input":{"@type":"PropertyValueSpecification","valueRequired":true,"valueName":"search_term_string"}}],"inLanguage":"en-US"}]}},"_links":{"self":[{"href":"https:\/\/rioenergy.com.br\/en\/wp-json\/wp\/v2\/pages\/27","targetHints":{"allow":["GET"]}}],"collection":[{"href":"https:\/\/rioenergy.com.br\/en\/wp-json\/wp\/v2\/pages"}],"about":[{"href":"https:\/\/rioenergy.com.br\/en\/wp-json\/wp\/v2\/types\/page"}],"author":[{"embeddable":true,"href":"https:\/\/rioenergy.com.br\/en\/wp-json\/wp\/v2\/users\/1"}],"replies":[{"embeddable":true,"href":"https:\/\/rioenergy.com.br\/en\/wp-json\/wp\/v2\/comments?post=27"}],"version-history":[{"count":14,"href":"https:\/\/rioenergy.com.br\/en\/wp-json\/wp\/v2\/pages\/27\/revisions"}],"predecessor-version":[{"id":488,"href":"https:\/\/rioenergy.com.br\/en\/wp-json\/wp\/v2\/pages\/27\/revisions\/488"}],"wp:attachment":[{"href":"https:\/\/rioenergy.com.br\/en\/wp-json\/wp\/v2\/media?parent=27"}],"curies":[{"name":"wp","href":"https:\/\/api.w.org\/{rel}","templated":true}]}}