{"id":29,"date":"2025-04-08T10:45:33","date_gmt":"2025-04-08T13:45:33","guid":{"rendered":"https:\/\/rioenergy.com.br\/?page_id=29"},"modified":"2025-06-17T18:11:08","modified_gmt":"2025-06-17T21:11:08","slug":"projetos","status":"publish","type":"page","link":"https:\/\/rioenergy.com.br\/en\/projetos\/","title":{"rendered":"Projects"},"content":{"rendered":"","protected":false},"excerpt":{"rendered":"","protected":false},"author":1,"featured_media":0,"parent":0,"menu_order":0,"comment_status":"closed","ping_status":"closed","template":"","meta":{"_acf_changed":false,"footnotes":""},"class_list":["post-29","page","type-page","status-publish","hentry"],"acf":[],"yoast_head":"<!-- This site is optimized with the Yoast SEO plugin v27.6 - https:\/\/yoast.com\/product\/yoast-seo-wordpress\/ -->\n<title>Energia Solar, E\u00f3lica e H\u00edbrida para Empresas | Rio Energy<\/title>\n<meta name=\"description\" content=\"A Rio Energy oferece energia solar, e\u00f3lica e h\u00edbrida para empresas e ind\u00fastrias. Economia, sustentabilidade e inova\u00e7\u00e3o para seu neg\u00f3cio.\" \/>\n<meta name=\"robots\" content=\"index, follow, max-snippet:-1, max-image-preview:large, max-video-preview:-1\" \/>\n<link rel=\"canonical\" href=\"https:\/\/rioenergy.com.br\/en\/projetos\/\" \/>\n<meta property=\"og:locale\" content=\"en_US\" \/>\n<meta property=\"og:type\" content=\"article\" \/>\n<meta property=\"og:title\" content=\"Energia Solar, E\u00f3lica e H\u00edbrida para Empresas | Rio Energy\" \/>\n<meta property=\"og:description\" content=\"A Rio Energy oferece energia solar, e\u00f3lica e h\u00edbrida para empresas e ind\u00fastrias. Economia, sustentabilidade e inova\u00e7\u00e3o para seu neg\u00f3cio.\" \/>\n<meta property=\"og:url\" content=\"https:\/\/rioenergy.com.br\/en\/projetos\/\" \/>\n<meta property=\"og:site_name\" content=\"Rio Energy\" \/>\n<meta property=\"article:modified_time\" content=\"2025-06-17T21:11:08+00:00\" \/>\n<meta name=\"twitter:card\" content=\"summary_large_image\" \/>\n<script type=\"application\/ld+json\" class=\"yoast-schema-graph\">{\"@context\":\"https:\\\/\\\/schema.org\",\"@graph\":[{\"@type\":\"WebPage\",\"@id\":\"https:\\\/\\\/rioenergy.com.br\\\/projetos\\\/\",\"url\":\"https:\\\/\\\/rioenergy.com.br\\\/projetos\\\/\",\"name\":\"Energia Solar, E\u00f3lica e H\u00edbrida para Empresas | Rio Energy\",\"isPartOf\":{\"@id\":\"https:\\\/\\\/rioenergy.com.br\\\/#website\"},\"datePublished\":\"2025-04-08T13:45:33+00:00\",\"dateModified\":\"2025-06-17T21:11:08+00:00\",\"description\":\"A Rio Energy oferece energia solar, e\u00f3lica e h\u00edbrida para empresas e ind\u00fastrias. Economia, sustentabilidade e inova\u00e7\u00e3o para seu neg\u00f3cio.\",\"breadcrumb\":{\"@id\":\"https:\\\/\\\/rioenergy.com.br\\\/projetos\\\/#breadcrumb\"},\"inLanguage\":\"en-US\",\"potentialAction\":[{\"@type\":\"ReadAction\",\"target\":[\"https:\\\/\\\/rioenergy.com.br\\\/projetos\\\/\"]}]},{\"@type\":\"BreadcrumbList\",\"@id\":\"https:\\\/\\\/rioenergy.com.br\\\/projetos\\\/#breadcrumb\",\"itemListElement\":[{\"@type\":\"ListItem\",\"position\":1,\"name\":\"In\u00edcio\",\"item\":\"https:\\\/\\\/rioenergy.com.br\\\/\"},{\"@type\":\"ListItem\",\"position\":2,\"name\":\"Projetos\"}]},{\"@type\":\"WebSite\",\"@id\":\"https:\\\/\\\/rioenergy.com.br\\\/#website\",\"url\":\"https:\\\/\\\/rioenergy.com.br\\\/\",\"name\":\"Rio Energy\",\"description\":\"Especialistas em energias renov\u00e1veis: solar, e\u00f3lica e h\u00edbrida.\",\"potentialAction\":[{\"@type\":\"SearchAction\",\"target\":{\"@type\":\"EntryPoint\",\"urlTemplate\":\"https:\\\/\\\/rioenergy.com.br\\\/?s={search_term_string}\"},\"query-input\":{\"@type\":\"PropertyValueSpecification\",\"valueRequired\":true,\"valueName\":\"search_term_string\"}}],\"inLanguage\":\"en-US\"}]}<\/script>\n<!-- \/ Yoast SEO plugin. -->","yoast_head_json":{"title":"Energia Solar, E\u00f3lica e H\u00edbrida para Empresas | Rio Energy","description":"A Rio Energy oferece energia solar, e\u00f3lica e h\u00edbrida para empresas e ind\u00fastrias. Economia, sustentabilidade e inova\u00e7\u00e3o para seu neg\u00f3cio.","robots":{"index":"index","follow":"follow","max-snippet":"max-snippet:-1","max-image-preview":"max-image-preview:large","max-video-preview":"max-video-preview:-1"},"canonical":"https:\/\/rioenergy.com.br\/en\/projetos\/","og_locale":"en_US","og_type":"article","og_title":"Energia Solar, E\u00f3lica e H\u00edbrida para Empresas | Rio Energy","og_description":"A Rio Energy oferece energia solar, e\u00f3lica e h\u00edbrida para empresas e ind\u00fastrias. Economia, sustentabilidade e inova\u00e7\u00e3o para seu neg\u00f3cio.","og_url":"https:\/\/rioenergy.com.br\/en\/projetos\/","og_site_name":"Rio Energy","article_modified_time":"2025-06-17T21:11:08+00:00","twitter_card":"summary_large_image","schema":{"@context":"https:\/\/schema.org","@graph":[{"@type":"WebPage","@id":"https:\/\/rioenergy.com.br\/projetos\/","url":"https:\/\/rioenergy.com.br\/projetos\/","name":"Energia Solar, E\u00f3lica e H\u00edbrida para Empresas | Rio Energy","isPartOf":{"@id":"https:\/\/rioenergy.com.br\/#website"},"datePublished":"2025-04-08T13:45:33+00:00","dateModified":"2025-06-17T21:11:08+00:00","description":"A Rio Energy oferece energia solar, e\u00f3lica e h\u00edbrida para empresas e ind\u00fastrias. Economia, sustentabilidade e inova\u00e7\u00e3o para seu neg\u00f3cio.","breadcrumb":{"@id":"https:\/\/rioenergy.com.br\/projetos\/#breadcrumb"},"inLanguage":"en-US","potentialAction":[{"@type":"ReadAction","target":["https:\/\/rioenergy.com.br\/projetos\/"]}]},{"@type":"BreadcrumbList","@id":"https:\/\/rioenergy.com.br\/projetos\/#breadcrumb","itemListElement":[{"@type":"ListItem","position":1,"name":"In\u00edcio","item":"https:\/\/rioenergy.com.br\/"},{"@type":"ListItem","position":2,"name":"Projetos"}]},{"@type":"WebSite","@id":"https:\/\/rioenergy.com.br\/#website","url":"https:\/\/rioenergy.com.br\/","name":"Rio Energy","description":"Especialistas em energias renov\u00e1veis: solar, e\u00f3lica e h\u00edbrida.","potentialAction":[{"@type":"SearchAction","target":{"@type":"EntryPoint","urlTemplate":"https:\/\/rioenergy.com.br\/?s={search_term_string}"},"query-input":{"@type":"PropertyValueSpecification","valueRequired":true,"valueName":"search_term_string"}}],"inLanguage":"en-US"}]}},"_links":{"self":[{"href":"https:\/\/rioenergy.com.br\/en\/wp-json\/wp\/v2\/pages\/29","targetHints":{"allow":["GET"]}}],"collection":[{"href":"https:\/\/rioenergy.com.br\/en\/wp-json\/wp\/v2\/pages"}],"about":[{"href":"https:\/\/rioenergy.com.br\/en\/wp-json\/wp\/v2\/types\/page"}],"author":[{"embeddable":true,"href":"https:\/\/rioenergy.com.br\/en\/wp-json\/wp\/v2\/users\/1"}],"replies":[{"embeddable":true,"href":"https:\/\/rioenergy.com.br\/en\/wp-json\/wp\/v2\/comments?post=29"}],"version-history":[{"count":6,"href":"https:\/\/rioenergy.com.br\/en\/wp-json\/wp\/v2\/pages\/29\/revisions"}],"predecessor-version":[{"id":352,"href":"https:\/\/rioenergy.com.br\/en\/wp-json\/wp\/v2\/pages\/29\/revisions\/352"}],"wp:attachment":[{"href":"https:\/\/rioenergy.com.br\/en\/wp-json\/wp\/v2\/media?parent=29"}],"curies":[{"name":"wp","href":"https:\/\/api.w.org\/{rel}","templated":true}]}}